{"id":248,"date":"2024-05-14T17:17:52","date_gmt":"2024-05-14T17:17:52","guid":{"rendered":"https:\/\/touche2bois.com\/wordpress_h\/?post_type=product&#038;p=248"},"modified":"2024-05-22T17:51:30","modified_gmt":"2024-05-22T17:51:30","slug":"miroir-etg101","status":"publish","type":"product","link":"https:\/\/touche2bois.com\/wordpress_h\/?product=miroir-etg101","title":{"rendered":"Miroir ETG101"},"content":{"rendered":"","protected":false},"excerpt":{"rendered":"<p>Miroir avec \u00e9tag\u00e8re en m\u00e9dium 8mm, verre encastr\u00e9 avec support d\u00e9montable et crochet<\/p>\n","protected":false},"featured_media":296,"comment_status":"closed","ping_status":"closed","template":"","meta":[],"product_brand":[],"product_cat":[21],"product_tag":[],"class_list":{"0":"post-248","1":"product","2":"type-product","3":"status-publish","4":"has-post-thumbnail","6":"product_cat-miroir-etg-101","8":"entry","9":"has-media","11":"first","12":"instock","13":"shipping-taxable","14":"purchasable","15":"product-type-simple","16":"has-product-nav","17":"col","18":"span_1_of_4","19":"owp-content-center","20":"owp-thumbs-layout-horizontal","21":"owp-btn-big","22":"owp-tabs-layout-horizontal","23":"has-no-thumbnails"},"_links":{"self":[{"href":"https:\/\/touche2bois.com\/wordpress_h\/index.php?rest_route=\/wp\/v2\/product\/248","targetHints":{"allow":["GET"]}}],"collection":[{"href":"https:\/\/touche2bois.com\/wordpress_h\/index.php?rest_route=\/wp\/v2\/product"}],"about":[{"href":"https:\/\/touche2bois.com\/wordpress_h\/index.php?rest_route=\/wp\/v2\/types\/product"}],"replies":[{"embeddable":true,"href":"https:\/\/touche2bois.com\/wordpress_h\/index.php?rest_route=%2Fwp%2Fv2%2Fcomments&post=248"}],"wp:featuredmedia":[{"embeddable":true,"href":"https:\/\/touche2bois.com\/wordpress_h\/index.php?rest_route=\/wp\/v2\/media\/296"}],"wp:attachment":[{"href":"https:\/\/touche2bois.com\/wordpress_h\/index.php?rest_route=%2Fwp%2Fv2%2Fmedia&parent=248"}],"wp:term":[{"taxonomy":"product_brand","embeddable":true,"href":"https:\/\/touche2bois.com\/wordpress_h\/index.php?rest_route=%2Fwp%2Fv2%2Fproduct_brand&post=248"},{"taxonomy":"product_cat","embeddable":true,"href":"https:\/\/touche2bois.com\/wordpress_h\/index.php?rest_route=%2Fwp%2Fv2%2Fproduct_cat&post=248"},{"taxonomy":"product_tag","embeddable":true,"href":"https:\/\/touche2bois.com\/wordpress_h\/index.php?rest_route=%2Fwp%2Fv2%2Fproduct_tag&post=248"}],"curies":[{"name":"wp","href":"https:\/\/api.w.org\/{rel}","templated":true}]}}